{"id":67,"date":"2018-04-26T03:17:24","date_gmt":"2018-04-26T03:17:24","guid":{"rendered":"http:\/\/demo.roadthemes.com\/digitech\/product\/import-placeholder-for-6888\/"},"modified":"2025-11-11T17:47:17","modified_gmt":"2025-11-11T17:47:17","slug":"itaque-earum-velit-elementum-mollis-volutpat-metus","status":"publish","type":"product","link":"https:\/\/gadgetsyrobotica.com\/?product=itaque-earum-velit-elementum-mollis-volutpat-metus","title":{"rendered":"Acteck Monitor 24.5 Captive Vivid SP245 5ms 75Hz Full HD IPS LED Altavoces Integrados HDMI AC-943178"},"content":{"rendered":"<p>Panel plano IPS de 24.5&#8243; con resoluci\u00f3n Full HD (1920&#215;1080) y \u00e1ngulos de visi\u00f3n de 178\u00b0\/178\u00b0 parauna imagen perfecta desde cualquier posici\u00f3n. Frecuencia de actualizaci\u00f3n de 75 Hz y tiempo de respuesta de 5 ms para desplazamientos suaves, videollamadas sin cortes y navegaci\u00f3n \u00e1gil. Tecnolog\u00edas Low Blue Light, Flicker-Free y selecci\u00f3n de temperaturas de color que reducen la fatiga ocular. Ideal para largas jornadas frente al monitor.<\/p>\n","protected":false},"excerpt":{"rendered":"<p><span dir=\"auto\" style=\"vertical-align: inherit;\"><span dir=\"auto\" style=\"vertical-align: inherit;\">Lorem ipsum dolor sit amet, consectetur adipisicing elit, sed do eiusmod tempor incididunt ut labore et dolore magna aliqua. Ut enim ad minim veniam, quis nostrud exercitation ullamco,Proin lectus ipsum, gravida et mattis vulputate, tristique ut lectus<\/span><\/span><\/p>\n","protected":false},"featured_media":726,"comment_status":"open","ping_status":"closed","template":"","meta":{"inline_featured_image":false},"product_brand":[],"product_cat":[33,45],"product_tag":[],"class_list":{"0":"post-67","1":"product","2":"type-product","3":"status-publish","4":"has-post-thumbnail","6":"product_cat-computer","7":"product_cat-laptop","9":"first","10":"instock","11":"shipping-taxable","12":"purchasable","13":"product-type-simple"},"yoast_head":"<!-- This site is optimized with the Yoast SEO plugin v24.8.1 - https:\/\/yoast.com\/wordpress\/plugins\/seo\/ -->\n<title>Acteck Monitor 24.5 Captive Vivid SP245 5ms 75Hz Full HD IPS LED Altavoces Integrados HDMI AC-943178 - Gadgets y Robotica<\/title>\n<meta name=\"robots\" content=\"index, follow, max-snippet:-1, max-image-preview:large, max-video-preview:-1\" \/>\n<link rel=\"canonical\" href=\"https:\/\/gadgetsyrobotica.com\/?product=itaque-earum-velit-elementum-mollis-volutpat-metus\" \/>\n<meta property=\"og:locale\" content=\"en_US\" \/>\n<meta property=\"og:type\" content=\"article\" \/>\n<meta property=\"og:title\" content=\"Acteck Monitor 24.5 Captive Vivid SP245 5ms 75Hz Full HD IPS LED Altavoces Integrados HDMI AC-943178 - Gadgets y Robotica\" \/>\n<meta property=\"og:description\" content=\"Lorem ipsum dolor sit amet, consectetur adipisicing elit, sed do eiusmod tempor incididunt ut labore et dolore magna aliqua. Ut enim ad minim veniam, quis nostrud exercitation ullamco,Proin lectus ipsum, gravida et mattis vulputate, tristique ut lectus\" \/>\n<meta property=\"og:url\" content=\"https:\/\/gadgetsyrobotica.com\/?product=itaque-earum-velit-elementum-mollis-volutpat-metus\" \/>\n<meta property=\"og:site_name\" content=\"Gadgets y Robotica\" \/>\n<meta property=\"article:modified_time\" content=\"2025-11-11T17:47:17+00:00\" \/>\n<meta property=\"og:image\" content=\"https:\/\/gadgetsyrobotica.com\/wp-content\/uploads\/2021\/07\/3.jpg\" \/>\n\t<meta property=\"og:image:width\" content=\"600\" \/>\n\t<meta property=\"og:image:height\" content=\"600\" \/>\n\t<meta property=\"og:image:type\" content=\"image\/jpeg\" \/>\n<meta name=\"twitter:card\" content=\"summary_large_image\" \/>\n<meta name=\"twitter:label1\" content=\"Est. reading time\" \/>\n\t<meta name=\"twitter:data1\" content=\"1 minute\" \/>\n<script type=\"application\/ld+json\" class=\"yoast-schema-graph\">{\"@context\":\"https:\/\/schema.org\",\"@graph\":[{\"@type\":\"WebPage\",\"@id\":\"https:\/\/gadgetsyrobotica.com\/?product=itaque-earum-velit-elementum-mollis-volutpat-metus\",\"url\":\"https:\/\/gadgetsyrobotica.com\/?product=itaque-earum-velit-elementum-mollis-volutpat-metus\",\"name\":\"Acteck Monitor 24.5 Captive Vivid SP245 5ms 75Hz Full HD IPS LED Altavoces Integrados HDMI AC-943178 - Gadgets y Robotica\",\"isPartOf\":{\"@id\":\"https:\/\/gadgetsyrobotica.com\/#website\"},\"primaryImageOfPage\":{\"@id\":\"https:\/\/gadgetsyrobotica.com\/?product=itaque-earum-velit-elementum-mollis-volutpat-metus#primaryimage\"},\"image\":{\"@id\":\"https:\/\/gadgetsyrobotica.com\/?product=itaque-earum-velit-elementum-mollis-volutpat-metus#primaryimage\"},\"thumbnailUrl\":\"https:\/\/i0.wp.com\/gadgetsyrobotica.com\/wp-content\/uploads\/2021\/07\/3.jpg?fit=600%2C600&ssl=1\",\"datePublished\":\"2018-04-26T03:17:24+00:00\",\"dateModified\":\"2025-11-11T17:47:17+00:00\",\"breadcrumb\":{\"@id\":\"https:\/\/gadgetsyrobotica.com\/?product=itaque-earum-velit-elementum-mollis-volutpat-metus#breadcrumb\"},\"inLanguage\":\"en-US\",\"potentialAction\":[{\"@type\":\"ReadAction\",\"target\":[\"https:\/\/gadgetsyrobotica.com\/?product=itaque-earum-velit-elementum-mollis-volutpat-metus\"]}]},{\"@type\":\"ImageObject\",\"inLanguage\":\"en-US\",\"@id\":\"https:\/\/gadgetsyrobotica.com\/?product=itaque-earum-velit-elementum-mollis-volutpat-metus#primaryimage\",\"url\":\"https:\/\/i0.wp.com\/gadgetsyrobotica.com\/wp-content\/uploads\/2021\/07\/3.jpg?fit=600%2C600&ssl=1\",\"contentUrl\":\"https:\/\/i0.wp.com\/gadgetsyrobotica.com\/wp-content\/uploads\/2021\/07\/3.jpg?fit=600%2C600&ssl=1\",\"width\":600,\"height\":600},{\"@type\":\"BreadcrumbList\",\"@id\":\"https:\/\/gadgetsyrobotica.com\/?product=itaque-earum-velit-elementum-mollis-volutpat-metus#breadcrumb\",\"itemListElement\":[{\"@type\":\"ListItem\",\"position\":1,\"name\":\"Home\",\"item\":\"https:\/\/gadgetsyrobotica.com\/\"},{\"@type\":\"ListItem\",\"position\":2,\"name\":\"Shop\",\"item\":\"https:\/\/gadgetsyrobotica.com\/?page_id=8\"},{\"@type\":\"ListItem\",\"position\":3,\"name\":\"Acteck Monitor 24.5 Captive Vivid SP245 5ms 75Hz Full HD IPS LED Altavoces Integrados HDMI AC-943178\"}]},{\"@type\":\"WebSite\",\"@id\":\"https:\/\/gadgetsyrobotica.com\/#website\",\"url\":\"https:\/\/gadgetsyrobotica.com\/\",\"name\":\"Gadgets y Robotica\",\"description\":\"Servicios de suministro de material de computo,  soporte software, hadware y su mantenimiento.\",\"potentialAction\":[{\"@type\":\"SearchAction\",\"target\":{\"@type\":\"EntryPoint\",\"urlTemplate\":\"https:\/\/gadgetsyrobotica.com\/?s={search_term_string}\"},\"query-input\":{\"@type\":\"PropertyValueSpecification\",\"valueRequired\":true,\"valueName\":\"search_term_string\"}}],\"inLanguage\":\"en-US\"}]}<\/script>\n<!-- \/ Yoast SEO plugin. -->","yoast_head_json":{"title":"Acteck Monitor 24.5 Captive Vivid SP245 5ms 75Hz Full HD IPS LED Altavoces Integrados HDMI AC-943178 - Gadgets y Robotica","robots":{"index":"index","follow":"follow","max-snippet":"max-snippet:-1","max-image-preview":"max-image-preview:large","max-video-preview":"max-video-preview:-1"},"canonical":"https:\/\/gadgetsyrobotica.com\/?product=itaque-earum-velit-elementum-mollis-volutpat-metus","og_locale":"en_US","og_type":"article","og_title":"Acteck Monitor 24.5 Captive Vivid SP245 5ms 75Hz Full HD IPS LED Altavoces Integrados HDMI AC-943178 - Gadgets y Robotica","og_description":"Lorem ipsum dolor sit amet, consectetur adipisicing elit, sed do eiusmod tempor incididunt ut labore et dolore magna aliqua. Ut enim ad minim veniam, quis nostrud exercitation ullamco,Proin lectus ipsum, gravida et mattis vulputate, tristique ut lectus","og_url":"https:\/\/gadgetsyrobotica.com\/?product=itaque-earum-velit-elementum-mollis-volutpat-metus","og_site_name":"Gadgets y Robotica","article_modified_time":"2025-11-11T17:47:17+00:00","og_image":[{"width":600,"height":600,"url":"https:\/\/gadgetsyrobotica.com\/wp-content\/uploads\/2021\/07\/3.jpg","type":"image\/jpeg"}],"twitter_card":"summary_large_image","twitter_misc":{"Est. reading time":"1 minute"},"schema":{"@context":"https:\/\/schema.org","@graph":[{"@type":"WebPage","@id":"https:\/\/gadgetsyrobotica.com\/?product=itaque-earum-velit-elementum-mollis-volutpat-metus","url":"https:\/\/gadgetsyrobotica.com\/?product=itaque-earum-velit-elementum-mollis-volutpat-metus","name":"Acteck Monitor 24.5 Captive Vivid SP245 5ms 75Hz Full HD IPS LED Altavoces Integrados HDMI AC-943178 - Gadgets y Robotica","isPartOf":{"@id":"https:\/\/gadgetsyrobotica.com\/#website"},"primaryImageOfPage":{"@id":"https:\/\/gadgetsyrobotica.com\/?product=itaque-earum-velit-elementum-mollis-volutpat-metus#primaryimage"},"image":{"@id":"https:\/\/gadgetsyrobotica.com\/?product=itaque-earum-velit-elementum-mollis-volutpat-metus#primaryimage"},"thumbnailUrl":"https:\/\/i0.wp.com\/gadgetsyrobotica.com\/wp-content\/uploads\/2021\/07\/3.jpg?fit=600%2C600&ssl=1","datePublished":"2018-04-26T03:17:24+00:00","dateModified":"2025-11-11T17:47:17+00:00","breadcrumb":{"@id":"https:\/\/gadgetsyrobotica.com\/?product=itaque-earum-velit-elementum-mollis-volutpat-metus#breadcrumb"},"inLanguage":"en-US","potentialAction":[{"@type":"ReadAction","target":["https:\/\/gadgetsyrobotica.com\/?product=itaque-earum-velit-elementum-mollis-volutpat-metus"]}]},{"@type":"ImageObject","inLanguage":"en-US","@id":"https:\/\/gadgetsyrobotica.com\/?product=itaque-earum-velit-elementum-mollis-volutpat-metus#primaryimage","url":"https:\/\/i0.wp.com\/gadgetsyrobotica.com\/wp-content\/uploads\/2021\/07\/3.jpg?fit=600%2C600&ssl=1","contentUrl":"https:\/\/i0.wp.com\/gadgetsyrobotica.com\/wp-content\/uploads\/2021\/07\/3.jpg?fit=600%2C600&ssl=1","width":600,"height":600},{"@type":"BreadcrumbList","@id":"https:\/\/gadgetsyrobotica.com\/?product=itaque-earum-velit-elementum-mollis-volutpat-metus#breadcrumb","itemListElement":[{"@type":"ListItem","position":1,"name":"Home","item":"https:\/\/gadgetsyrobotica.com\/"},{"@type":"ListItem","position":2,"name":"Shop","item":"https:\/\/gadgetsyrobotica.com\/?page_id=8"},{"@type":"ListItem","position":3,"name":"Acteck Monitor 24.5 Captive Vivid SP245 5ms 75Hz Full HD IPS LED Altavoces Integrados HDMI AC-943178"}]},{"@type":"WebSite","@id":"https:\/\/gadgetsyrobotica.com\/#website","url":"https:\/\/gadgetsyrobotica.com\/","name":"Gadgets y Robotica","description":"Servicios de suministro de material de computo,  soporte software, hadware y su mantenimiento.","potentialAction":[{"@type":"SearchAction","target":{"@type":"EntryPoint","urlTemplate":"https:\/\/gadgetsyrobotica.com\/?s={search_term_string}"},"query-input":{"@type":"PropertyValueSpecification","valueRequired":true,"valueName":"search_term_string"}}],"inLanguage":"en-US"}]}},"jetpack_sharing_enabled":true,"_links":{"self":[{"href":"https:\/\/gadgetsyrobotica.com\/index.php?rest_route=\/wp\/v2\/product\/67","targetHints":{"allow":["GET"]}}],"collection":[{"href":"https:\/\/gadgetsyrobotica.com\/index.php?rest_route=\/wp\/v2\/product"}],"about":[{"href":"https:\/\/gadgetsyrobotica.com\/index.php?rest_route=\/wp\/v2\/types\/product"}],"replies":[{"embeddable":true,"href":"https:\/\/gadgetsyrobotica.com\/index.php?rest_route=%2Fwp%2Fv2%2Fcomments&post=67"}],"wp:featuredmedia":[{"embeddable":true,"href":"https:\/\/gadgetsyrobotica.com\/index.php?rest_route=\/wp\/v2\/media\/726"}],"wp:attachment":[{"href":"https:\/\/gadgetsyrobotica.com\/index.php?rest_route=%2Fwp%2Fv2%2Fmedia&parent=67"}],"wp:term":[{"taxonomy":"product_brand","embeddable":true,"href":"https:\/\/gadgetsyrobotica.com\/index.php?rest_route=%2Fwp%2Fv2%2Fproduct_brand&post=67"},{"taxonomy":"product_cat","embeddable":true,"href":"https:\/\/gadgetsyrobotica.com\/index.php?rest_route=%2Fwp%2Fv2%2Fproduct_cat&post=67"},{"taxonomy":"product_tag","embeddable":true,"href":"https:\/\/gadgetsyrobotica.com\/index.php?rest_route=%2Fwp%2Fv2%2Fproduct_tag&post=67"}],"curies":[{"name":"wp","href":"https:\/\/api.w.org\/{rel}","templated":true}]}}